{"id":223,"date":"2016-10-17T08:18:06","date_gmt":"2016-10-17T06:18:06","guid":{"rendered":"http:\/\/meinzenbach.web97.s69.goserver.host\/?page_id=223"},"modified":"2023-03-28T02:03:11","modified_gmt":"2023-03-28T00:03:11","slug":"impressum","status":"publish","type":"page","link":"https:\/\/www.praxis-meinzenbach.de\/startseite\/startseite\/impressum\/","title":{"rendered":"Impressum"},"content":{"rendered":"\t\t<div data-elementor-type=\"wp-page\" data-elementor-id=\"223\" class=\"elementor elementor-223\">\n\t\t\t\t\t\t<section class=\"elementor-section elementor-top-section elementor-element elementor-element-298cb687 elementor-section-boxed elementor-section-height-default elementor-section-height-default\" data-id=\"298cb687\" data-element_type=\"section\" data-e-type=\"section\">\n\t\t\t\t\t\t<div class=\"elementor-container elementor-column-gap-default\">\n\t\t\t\t\t<div class=\"elementor-column elementor-col-100 elementor-top-column elementor-element elementor-element-3d989d10\" data-id=\"3d989d10\" data-element_type=\"column\" data-e-type=\"column\">\n\t\t\t<div class=\"elementor-widget-wrap elementor-element-populated\">\n\t\t\t\t\t\t<div class=\"elementor-element elementor-element-5db4e729 elementor-widget elementor-widget-text-editor\" data-id=\"5db4e729\" data-element_type=\"widget\" data-e-type=\"widget\" data-widget_type=\"text-editor.default\">\n\t\t\t\t<div class=\"elementor-widget-container\">\n\t\t\t\t\t\t\t\t\t<h2>Verantwortlich f\u00fcr den Inhalt nach \u00a755 Abs.2 RStV<\/h2><p>Psychologische Psychotherapeutin<br \/>Dr. rer. medic. Jana Meinzenbach<br \/>Bautzner Stra\u00dfe 15B<br \/>01099 Dresden<\/p><p>Telefon: <a href=\"tel:+49 351 32331350\">+49 351 32331350<\/a><br \/>E-Mail:\u00a0\u00a0\u00a0 <a href=\"mailto:info@praxis-meinzenbach.de\">info@praxis-meinzenbach.de<\/a><br \/>Internet:\u00a0<a href=\"http:\/\/www.praxis-meinzenbach.de\">www.praxis-meinzenbach.de<\/a><\/p><p><em>Haftungshinweis:<\/em><\/p><p>Der Autor \u00fcbernimmt keinerlei Gew\u00e4hr f\u00fcr die Aktualit\u00e4t, Korrektheit, Vollst\u00e4ndigkeit oder Qualit\u00e4t der bereitgestellten Informationen. Haftungsanspr\u00fcche gegen den Autor, welche sich auf Sch\u00e4den materieller oder ideeller Art beziehen, die durch die Nutzung oder Nichtnutzung der dargebotenen Informationen bzw. durch die Nutzung fehlerhafter und unvollst\u00e4ndiger Informationen verursacht wurden, sind grunds\u00e4tzlich ausgeschlossen, sofern seitens des Autors kein nachweislich vors\u00e4tzliches oder grob fahrl\u00e4ssiges Verschulden vorliegt. Alle Angebote sind freibleibend und unverbindlich. Der Autor beh\u00e4lt es sich ausdr\u00fcck-lich vor, Teile der Seiten oder das gesamte Angebot ohne gesonderte Ank\u00fcndigung zu ver\u00e4ndern, zu erg\u00e4nzen, zu l\u00f6schen oder die Ver\u00f6ffentlichung zeitweise oder endg\u00fcltig einzustellen.<br \/><em><br \/>Hinweis auf die Verwendung von externen Links:<\/em><\/p><p>Bei direkten oder indirekten Verweisen auf fremde Webseiten (&#8222;Hyperlinks&#8220;), die au\u00dferhalb des Verantwortungsbereiches des Autors liegen, w\u00fcrde eine Haftungsverpflichtung ausschlie\u00dflich in dem Fall in Kraft treten, in dem der Autor von den Inhalten Kenntnis hat und es ihm technisch m\u00f6glich und zumutbar w\u00e4re, die Nutzung im Falle rechtswidriger Inhalte zu verhindern. Der Autor erkl\u00e4rt hiermit ausdr\u00fccklich, dass zum Zeitpunkt der Linksetzung keine illegalen Inhalte auf den zu verlinkenden Seiten erkennbar waren. Auf die aktuelle und zuk\u00fcnftige Gestaltung, die Inhalte oder die Urheberschaft der verlinkten\/verkn\u00fcpften Seiten hat der Autor keinerlei Einfluss. Deshalb distanziert er sich hiermit ausdr\u00fccklich von allen Inhalten aller verlinkten \/verkn\u00fcpften Seiten, die nach der Linksetzung ver\u00e4ndert wurden. Diese Feststellung gilt f\u00fcr alle innerhalb des eigenen Internetangebotes gesetzten Links und Verweise sowie f\u00fcr Fremdeintr\u00e4ge in vom Autor eingerichteten G\u00e4steb\u00fcchern, Diskussionsforen, Linkverzeichnissen, Mailinglisten und in allen anderen Formen von Datenbanken, auf deren Inhalt externe Schreibzugriffe m\u00f6glich sind. F\u00fcr illegale, fehlerhafte oder unvollst\u00e4ndige Inhalte und insbesondere f\u00fcr Sch\u00e4den, die aus der Nutzung oder Nichtnutzung solcherart dargebotener Informationen entstehen, haftet allein der Anbieter der Seite, auf welche verwiesen wurde, nicht derjenige, der \u00fcber Links auf die jeweilige Ver\u00f6ffentlichung lediglich verweist.<br \/><em><br \/>Informationen zum Datenschutz erhalten Sie in der <a href=\"https:\/\/www.praxis-meinzenbach.de\/startseite\/?page_id=602\">Datenschutzerkl\u00e4rung der Website<\/a>.<\/em><\/p><p>Psychologische Psychotherapeutin<br \/>Dr. rer. medic. Jana Meinzenbach<\/p><p>Bautzner Stra\u00dfe 15B<br \/>01099 Dresden<\/p><p>Telefon:<a href=\"tel:+49 351 32331350\">+49 351 32331350<\/a><br \/>E-Mail:<br \/><a href=\"mailto:info@praxis-meinzenbach.de\">info@praxis-meinzenbach.de <\/a><\/p><p>\u00a0<\/p><p style=\"text-align: left;\"><a href=\"https:\/\/www.praxis-meinzenbach.de\/startseite\/?page_id=602\">Datenschutz<\/a><\/p><p style=\"text-align: left;\"><a href=\"https:\/\/www.praxis-meinzenbach.de\/startseite\/?page_id=630\">Cookie Richtlinie<\/a><\/p>\t\t\t\t\t\t\t\t<\/div>\n\t\t\t\t<\/div>\n\t\t\t\t\t<\/div>\n\t\t<\/div>\n\t\t\t\t\t<\/div>\n\t\t<\/section>\n\t\t\t\t<\/div>\n\t\t","protected":false},"excerpt":{"rendered":"<p>Verantwortlich f\u00fcr den Inhalt nach \u00a755 Abs.2 RStV Psychologische PsychotherapeutinDr. rer. medic. Jana MeinzenbachBautzner Stra\u00dfe 15B01099 Dresden Telefon: +49 351 32331350E-Mail:\u00a0\u00a0\u00a0 info@praxis-meinzenbach.deInternet:\u00a0www.praxis-meinzenbach.de Haftungshinweis: Der Autor \u00fcbernimmt keinerlei Gew\u00e4hr f\u00fcr die Aktualit\u00e4t, Korrektheit, Vollst\u00e4ndigkeit oder Qualit\u00e4t der bereitgestellten Informationen. Haftungsanspr\u00fcche gegen den Autor, welche sich auf Sch\u00e4den materieller oder ideeller Art beziehen, die durch die Nutzung &hellip; <\/p>\n<p class=\"link-more\"><a href=\"https:\/\/www.praxis-meinzenbach.de\/startseite\/startseite\/impressum\/\" class=\"more-link\">Mehr <span class=\"screen-reader-text\">\u00fcber &#8222;Impressum&#8220; <\/span>Lesen<\/a><\/p>\n","protected":false},"author":1,"featured_media":0,"parent":43,"menu_order":0,"comment_status":"closed","ping_status":"closed","template":"","meta":{"inspiro_hide_title":false,"footnotes":""},"class_list":["post-223","page","type-page","status-publish","hentry"],"aioseo_notices":[],"featured_media_urls":[],"_links":{"self":[{"href":"https:\/\/www.praxis-meinzenbach.de\/startseite\/wp-json\/wp\/v2\/pages\/223","targetHints":{"allow":["GET"]}}],"collection":[{"href":"https:\/\/www.praxis-meinzenbach.de\/startseite\/wp-json\/wp\/v2\/pages"}],"about":[{"href":"https:\/\/www.praxis-meinzenbach.de\/startseite\/wp-json\/wp\/v2\/types\/page"}],"author":[{"embeddable":true,"href":"https:\/\/www.praxis-meinzenbach.de\/startseite\/wp-json\/wp\/v2\/users\/1"}],"replies":[{"embeddable":true,"href":"https:\/\/www.praxis-meinzenbach.de\/startseite\/wp-json\/wp\/v2\/comments?post=223"}],"version-history":[{"count":21,"href":"https:\/\/www.praxis-meinzenbach.de\/startseite\/wp-json\/wp\/v2\/pages\/223\/revisions"}],"predecessor-version":[{"id":6779,"href":"https:\/\/www.praxis-meinzenbach.de\/startseite\/wp-json\/wp\/v2\/pages\/223\/revisions\/6779"}],"up":[{"embeddable":true,"href":"https:\/\/www.praxis-meinzenbach.de\/startseite\/wp-json\/wp\/v2\/pages\/43"}],"wp:attachment":[{"href":"https:\/\/www.praxis-meinzenbach.de\/startseite\/wp-json\/wp\/v2\/media?parent=223"}],"curies":[{"name":"wp","href":"https:\/\/api.w.org\/{rel}","templated":true}]}}