{"id":602,"date":"2018-05-21T09:42:28","date_gmt":"2018-05-21T07:42:28","guid":{"rendered":"http:\/\/www.praxis-meinzenbach.de\/?page_id=602"},"modified":"2023-03-28T01:59:46","modified_gmt":"2023-03-27T23:59:46","slug":"datenschutz","status":"publish","type":"page","link":"https:\/\/www.praxis-meinzenbach.de\/startseite\/startseite\/datenschutz\/","title":{"rendered":"datenschutz"},"content":{"rendered":"\t\t<div data-elementor-type=\"wp-page\" data-elementor-id=\"602\" class=\"elementor elementor-602\">\n\t\t\t\t\t\t<section class=\"elementor-section elementor-top-section elementor-element elementor-element-423723a4 elementor-section-boxed elementor-section-height-default elementor-section-height-default\" data-id=\"423723a4\" data-element_type=\"section\" data-e-type=\"section\">\n\t\t\t\t\t\t<div class=\"elementor-container elementor-column-gap-default\">\n\t\t\t\t\t<div class=\"elementor-column elementor-col-100 elementor-top-column elementor-element elementor-element-4c5cc150\" data-id=\"4c5cc150\" data-element_type=\"column\" data-e-type=\"column\">\n\t\t\t<div class=\"elementor-widget-wrap elementor-element-populated\">\n\t\t\t\t\t\t<div class=\"elementor-element elementor-element-41a1039f elementor-widget elementor-widget-text-editor\" data-id=\"41a1039f\" data-element_type=\"widget\" data-e-type=\"widget\" data-widget_type=\"text-editor.default\">\n\t\t\t\t<div class=\"elementor-widget-container\">\n\t\t\t\t\t\t\t\t\t<h2>Datenschutzerkl\u00e4rung<\/h2><p>Als Betreiberin dieser Seiten nehme ich den Schutz Ihrer pers\u00f6nlichen Daten sehr ernst. Ich verpflichte mich daher, Ihre Privatsph\u00e4re zu sch\u00fctzen und Ihre Daten vertraulich zu behandeln. Die folgenden Hinweise geben einen einfachen \u00dcberblick dar\u00fcber, was mit Ihren personenbezogenen Daten bei der Nutzung meiner Webseite passiert. Personenbezogene Daten sind alle Daten, mit denen Sie pers\u00f6nlich identifiziert werden k\u00f6nnen. Nach der EU-Datenschutz-Grundverordnung (DSGVO) bin ich verpflichtet, Sie dar\u00fcber zu informieren, zu welchem Zweck meine Praxis Daten erhebt, speichert oder weiterleitet. Der Information k\u00f6nnen Sie auch entnehmen, welche Rechte Sie in puncto Datenschutz haben.<\/p><p><strong>1. VERANTWORTLICHKEIT F\u00dcR DIE DATENVERARBEITUNG<\/strong><\/p><p>Verantwortlich f\u00fcr die Datenverarbeitung ist:<\/p><p>Praxisname:<\/p><p>Psychologische Praxis<br \/>Psychologische Psychotherapeutin<br \/>Dr. rer. medic. Jana Meinzenbach<br \/>Bautzner Stra\u00dfe 15B<br \/>01099 Dresden<\/p><p>Telefon:\u00a0 <a href=\"tel:+49 351\/323 313 50\">+49 351\/323 313 50<\/a><br \/>E-Mail:\u00a0\u00a0\u00a0 <a href=\"mailto:info@praxis-meinzenbach.de\">info@praxis-meinzenbach.de<\/a><br \/>Internet:\u00a0 <a href=\"..\/..\/\">https:\/\/www.praxis-meinzenbach.de<\/a><\/p><p><strong>ZWECK DER DATENVERARBEITUNG<\/strong><\/p><p>Die Datenverarbeitung erfolgt aufgrund gesetzlicher Vorgaben, um den Behandlungsvertrag zwischen Ihnen und Ihrem Psychotherapeuten und die damit verbundenen Pflichten zu erf\u00fcllen.<br \/>Hierzu verarbeiten ich Ihre personenbezogenen Daten, insbesondere Ihre Gesundheitsdaten. Dazu z\u00e4hlen Anamnesen, Diagnosen, Therapievorschl\u00e4ge und Befunde, die ich oder andere Psychotherapeuten\/\u00c4rzte erheben. Zu diesen Zwecken k\u00f6nnen mir auch andere \u00c4rzte oder Psychotherapeuten, bei denen Sie in Behandlung sind oder waren, Daten zur Verf\u00fcgung stellen (z.B. in Arztbriefen). Die Erhebung von Gesundheitsdaten ist Voraussetzung f\u00fcr Ihre Behandlung. Werden die notwendigen Informationen nicht bereitgestellt, kann eine sorgf\u00e4ltige Behandlung nicht erfolgen.<\/p><p><strong>EMPF\u00c4NGER IHRER DATEN<\/strong><\/p><p>Ich \u00fcbermittle Ihre personenbezogenen Daten nur dann an Dritte, wenn dies gesetzlich erlaubt ist oder Sie eingewilligt haben. Empf\u00e4nger Ihrer personenbezogenen Daten k\u00f6nnen vor allem andere \u00c4rzte \/ Psychotherapeuten, Kassen\u00e4rztliche Vereinigungen, Krankenkassen, der Medizinische Dienst der Krankenversicherung, \u00c4rztekammern und privat\u00e4rztliche Verrechnungsstellen sein. Die \u00dcbermittlung erfolgt \u00fcberwiegend zum Zwecke der Abrechnung der bei Ihnen erbrachten Leistungen, zur Kl\u00e4rung von medizinischen und sich aus Ihrem Versicherungsverh\u00e4ltnis ergebenden Fragen. Im Einzelfall erfolgt die \u00dcbermittlung von Daten an weitere berechtigte Empf\u00e4nger.<\/p><p><strong>SPEICHERUNG IHRER DATEN<\/strong><\/p><p>Ich bewahren Ihre personenbezogenen Daten nur solange auf, wie dies f\u00fcr die Durchf\u00fchrung der Behandlung erforderlich ist. Aufgrund rechtlicher Vorgaben bin ich dazu verpflichtet, diese Daten mindestens 10 Jahre nach Abschluss der Behandlung aufzubewahren. Nach anderen Vorschriften k\u00f6nnen sich l\u00e4ngere Aufbewahrungsfristen ergeben.<\/p><p><strong>IHRE RECHTE<\/strong><\/p><p>Sie haben das Recht, \u00fcber die Sie betreffenden personenbezogenen Daten Auskunft zu erhalten. Auch k\u00f6nnen Sie die Berichtigung unrichtiger Daten verlangen. Dar\u00fcber hinaus steht Ihnen unter bestimmten Voraussetzungen das Recht auf L\u00f6schung von Daten, das Recht auf Einschr\u00e4nkung der Datenverarbeitung sowie das Recht auf Daten\u00fcbertragbarkeit zu.<br \/>Die Verarbeitung Ihrer Daten erfolgt auf Basis von gesetzlichen Regelungen. Nur in Ausnahmef\u00e4llen ben\u00f6tigen wir Ihr Einverst\u00e4ndnis. In diesen F\u00e4llen haben Sie das Recht, die Einwilligung f\u00fcr die zuk\u00fcnftige Verarbeitung zu widerrufen. Sie haben ferner das Recht, sich bei der zust\u00e4ndigen Aufsichtsbeh\u00f6rde f\u00fcr den Datenschutz zu beschweren, wenn Sie der Ansicht sind, dass die Verarbeitung Ihrer personenbezogenen Daten nicht rechtm\u00e4\u00dfig erfolgt.<\/p><p>Die Anschrift der f\u00fcr uns zust\u00e4ndigen Aufsichtsbeh\u00f6rde lautet:<\/p><p>Der S\u00e4chsische Datenschutzbeauftragte<br \/>Andreas Schurig<br \/>Bernhard-von-Lindenau-Platz 1<br \/>01067 Dresden<\/p><p><strong>RECHTLICHE GRUNDLAGEN<\/strong><\/p><p>Rechtsgrundlage f\u00fcr die Verarbeitung Ihrer Daten ist Artikel 9 Absatz 2 lit. h) DSGVO in Verbindung mit Paragraf 22 Absatz 1 Nr. 1 lit. b) Bundesdatenschutzgesetz. Sollten Sie Fragen haben, k\u00f6nnen Sie sich gern an uns wenden.<\/p><p><strong>DATENERHEBUNG UND PROTOKOLLIERUNG<\/strong><\/p><p>Wenn Sie meine Webseiten aufrufen, \u00fcbermitteln Sie (aus technischer Notwendigkeit) \u00fcber Ihren Internetbrowser Daten an meinen Webserver. Folgende Daten werden w\u00e4hrend einer laufenden Verbindung zur Kommunikation zwischen Ihrem Internetbrowser und meinem Webserver aufgezeichnet:<\/p><ul><li>Datum und Uhrzeit der Anforderung<\/li><li>Name der angeforderten Datei<\/li><li>Seite, von der aus die Datei angefordert wurde<\/li><li>Zugriffsstatus (Datei \u00fcbertragen, Datei nicht gefunden, etc.)<\/li><li>verwendeter Webbrowser und verwendetes Betriebssystem<\/li><li>vollst\u00e4ndige IP-Adresse des anfordernden Rechners<\/li><li>\u00fcbertragene Datenmenge<\/li><\/ul><p><strong>KOMMUNIKATION \u00dcBER E-MAIL<\/strong><\/p><p>Kommunikation via E-Mail kann aber Sicherheitsl\u00fccken aufweisen. So k\u00f6nnen E-Mails von versierten Internet-Nutzern aufgehalten und die Daten unbefugt zur Kenntnis genommen und verf\u00e4lscht werden. Aus diesem Grunde sollten grunds\u00e4tzlich keine E-Mails mit schutzw\u00fcrdigem Inhalt an eine E-Mail-Adresse meiner Praxis gerichtet werden. E-Mail Anfragen von Patienten werden aufgrund von berufsrechtlichen Regelungen aktuell nur telefonisch beantwortet, wenn diese Mail auch eine entsprechende Telefonnummer f\u00fcr die Kontaktaufnahme enth\u00e4lt.<\/p><p><strong>SICHERE DATEN\u00dcBERTRAGUNG<\/strong><\/p><p>Die Website www.praxis-meinzenbach.de nutzt zur \u00dcbermittlung der Daten eine Transportverschl\u00fcsselung. eine SSL-bzw. TLS-Verschl\u00fcsselung. Eine verschl\u00fcsselte Verbindung erkennen Sie daran, dass die Adresszeile des Browsers von \u201chttp:\/\/\u201d auf \u201chttps:\/\/\u201d wechselt und an dem Schloss-Symbol in Ihrer Browserzeile. Wir empfehlen Ihnen, Ihren Internetbrowser auf dem aktuellen Stand zu halten, so dass f\u00fcr eine sichere \u00dcbertragung Ihrer Daten auf dem Transportweg gesorgt ist.<\/p><p>Psychologische Psychotherapeutin<br \/>Dr. rer. medic. Jana Meinzenbach<\/p><p>Bautzner Stra\u00dfe 15B<br \/>01099 Dresden<\/p><p>Telefon:<a href=\"tel:+49351\/32331350\">+49 351 32331350<\/a><br \/>E-Mail: <a href=\"mailto:info@praxis-meinzenbach.de\">info@praxis-meinzenbach.de <\/a><\/p><p style=\"text-align: left;\"><a href=\"https:\/\/www.praxis-meinzenbach.de\/startseite\/?page_id=223\">Impressum<\/a><\/p><p style=\"text-align: left;\"><a href=\"https:\/\/www.praxis-meinzenbach.de\/startseite\/?page_id=630\">Cookie Richtlinie<\/a><\/p>\t\t\t\t\t\t\t\t<\/div>\n\t\t\t\t<\/div>\n\t\t\t\t\t<\/div>\n\t\t<\/div>\n\t\t\t\t\t<\/div>\n\t\t<\/section>\n\t\t\t\t<\/div>\n\t\t","protected":false},"excerpt":{"rendered":"<p>Datenschutzerkl\u00e4rung Als Betreiberin dieser Seiten nehme ich den Schutz Ihrer pers\u00f6nlichen Daten sehr ernst. Ich verpflichte mich daher, Ihre Privatsph\u00e4re zu sch\u00fctzen und Ihre Daten vertraulich zu behandeln. Die folgenden Hinweise geben einen einfachen \u00dcberblick dar\u00fcber, was mit Ihren personenbezogenen Daten bei der Nutzung meiner Webseite passiert. Personenbezogene Daten sind alle Daten, mit denen Sie &hellip; <\/p>\n<p class=\"link-more\"><a href=\"https:\/\/www.praxis-meinzenbach.de\/startseite\/startseite\/datenschutz\/\" class=\"more-link\">Mehr <span class=\"screen-reader-text\">\u00fcber &#8222;datenschutz&#8220; <\/span>Lesen<\/a><\/p>\n","protected":false},"author":1,"featured_media":0,"parent":43,"menu_order":0,"comment_status":"closed","ping_status":"closed","template":"","meta":{"inspiro_hide_title":false,"footnotes":""},"class_list":["post-602","page","type-page","status-publish","hentry"],"aioseo_notices":[],"featured_media_urls":[],"_links":{"self":[{"href":"https:\/\/www.praxis-meinzenbach.de\/startseite\/wp-json\/wp\/v2\/pages\/602","targetHints":{"allow":["GET"]}}],"collection":[{"href":"https:\/\/www.praxis-meinzenbach.de\/startseite\/wp-json\/wp\/v2\/pages"}],"about":[{"href":"https:\/\/www.praxis-meinzenbach.de\/startseite\/wp-json\/wp\/v2\/types\/page"}],"author":[{"embeddable":true,"href":"https:\/\/www.praxis-meinzenbach.de\/startseite\/wp-json\/wp\/v2\/users\/1"}],"replies":[{"embeddable":true,"href":"https:\/\/www.praxis-meinzenbach.de\/startseite\/wp-json\/wp\/v2\/comments?post=602"}],"version-history":[{"count":25,"href":"https:\/\/www.praxis-meinzenbach.de\/startseite\/wp-json\/wp\/v2\/pages\/602\/revisions"}],"predecessor-version":[{"id":6776,"href":"https:\/\/www.praxis-meinzenbach.de\/startseite\/wp-json\/wp\/v2\/pages\/602\/revisions\/6776"}],"up":[{"embeddable":true,"href":"https:\/\/www.praxis-meinzenbach.de\/startseite\/wp-json\/wp\/v2\/pages\/43"}],"wp:attachment":[{"href":"https:\/\/www.praxis-meinzenbach.de\/startseite\/wp-json\/wp\/v2\/media?parent=602"}],"curies":[{"name":"wp","href":"https:\/\/api.w.org\/{rel}","templated":true}]}}