{"id":630,"date":"2023-03-26T14:55:15","date_gmt":"2023-03-26T12:55:15","guid":{"rendered":"https:\/\/www.praxis-meinzenbach.de\/?page_id=630"},"modified":"2023-03-27T18:15:51","modified_gmt":"2023-03-27T16:15:51","slug":"cookie-policy","status":"publish","type":"page","link":"https:\/\/www.praxis-meinzenbach.de\/startseite\/startseite\/cookie-policy\/","title":{"rendered":"Cookie Richtlinien"},"content":{"rendered":"\t\t<div data-elementor-type=\"wp-page\" data-elementor-id=\"630\" class=\"elementor elementor-630\">\n\t\t\t\t\t\t<section class=\"elementor-section elementor-top-section elementor-element elementor-element-71950d86 elementor-section-boxed elementor-section-height-default elementor-section-height-default\" data-id=\"71950d86\" data-element_type=\"section\" data-e-type=\"section\">\n\t\t\t\t\t\t<div class=\"elementor-container elementor-column-gap-default\">\n\t\t\t\t\t<div class=\"elementor-column elementor-col-100 elementor-top-column elementor-element elementor-element-19a697ff\" data-id=\"19a697ff\" data-element_type=\"column\" data-e-type=\"column\">\n\t\t\t<div class=\"elementor-widget-wrap elementor-element-populated\">\n\t\t\t\t\t\t<div class=\"elementor-element elementor-element-51216ac0 elementor-widget elementor-widget-text-editor\" data-id=\"51216ac0\" data-element_type=\"widget\" data-e-type=\"widget\" data-widget_type=\"text-editor.default\">\n\t\t\t\t<div class=\"elementor-widget-container\">\n\t\t\t\t\t\t\t\t\t<div class=\"cli_pg_page_contaner\"><h3>\u00dcber die Cookie Richtlinie<\/h3><div><p><span class=\"tlid-translation translation\" lang=\"de\"><span title=\"\">Diese Cookie-Richtlinie erkl\u00e4rt, was Cookies sind und wie wir sie verwenden.<\/span> <span title=\"\">Sie sollten diese Richtlinie lesen, um zu verstehen, was Cookies sind, wie wir sie verwenden, welche Arten von Cookies wir verwenden, welche Informationen wir mit Cookies sammeln und wie diese Informationen verwendet werden und wie die Cookie-Einstellungen gesteuert werden.<\/span> <span title=\"\">Weitere Informationen dar\u00fcber, wie wir Ihre pers\u00f6nlichen Daten verwenden, speichern und sch\u00fctzen, finden Sie in unseren Datenschutzbestimmungen.<\/span><\/span><\/p><p><span title=\"\">Sie k\u00f6nnen Ihre Einwilligung in die Cookie-Erkl\u00e4rung auf unserer Website jederzeit \u00e4ndern oder widerrufen.<\/span><\/p><p><span class=\"\" title=\"\">Erfahren Sie in unseren Datenschutzbestimmungen, wer wir sind, wie Sie mit uns in Kontakt treten k\u00f6nnen und wie wir personenbezogene Daten verarbeiten.<\/span><\/p><p><span class=\"\" title=\"\">Ihre Einwilligung gilt f\u00fcr folgende Domains:<\/span> <a href=\"https:\/\/www.praxis-meinzenbach.de\">www.praxis-meinzenbach.de<\/a><\/p><\/div><h3>Was sind Cookies ?<\/h3><div><p><span class=\"tlid-translation translation\" lang=\"de\"><span title=\"\">Cookies sind kleine Textdateien, in denen kleine Informationen gespeichert werden.<\/span> <span title=\"\">Die Cookies werden auf Ihrem Ger\u00e4t gespeichert, wenn die Website in Ihren Browser geladen wird.<\/span> <span class=\"\" title=\"\">Diese Cookies helfen uns dabei, die Website ordnungsgem\u00e4\u00df zu betreiben, die Website sicherer zu machen, ein besseres Nutzererlebnis zu bieten und zu verstehen, wie die Website funktioniert und zu analysieren, was funktioniert und wo Verbesserungen erforderlich sind.<\/span><\/span><\/p><\/div><h3>Wie werden Cookies verwendet?<\/h3><div><p><span class=\"tlid-translation translation\" lang=\"de\"><span title=\"\">Wie die meisten Online-Dienste verwendet unsere Website Cookies von Erstanbietern und Drittanbietern f\u00fcr eine Reihe von Zwecken.<\/span> <span title=\"\">Die Erstanbieter-Cookies sind in der Regel erforderlich, damit die Website ordnungsgem\u00e4\u00df funktioniert, und erfassen keine Ihrer personenbezogenen Daten.<\/span><\/span><\/p><p><span title=\"\">Die Cookies von Drittanbietern, die auf unseren Websites verwendet werden, dienen in erster Linie dazu, die Leistung der Website, die Interaktion mit unserer Website, die Sicherheit unserer Dienste, die Bereitstellung von f\u00fcr Sie relevanten Werbeanzeigen und die Verbesserung Ihrer Leistung zu verstehen<\/span> <span class=\"\" title=\"\">Nutzererfahrung und beschleunigen Sie Ihre zuk\u00fcnftigen Interaktionen mit unserer Website.<\/span><\/p><\/div><h3>Welche Arten von Cookies werden benutzt?<\/h3><div><p><span class=\"tlid-translation translation\" lang=\"de\"><strong>Wichtig:<\/strong> Einige Cookies sind wichtig, damit Sie die volle Funktionalit\u00e4t unserer Website nutzen k\u00f6nnen. Sie erm\u00f6glichen es uns, Benutzersitzungen zu verwalten und Sicherheitsbedrohungen vorzubeugen. Sie sammeln oder speichern keine pers\u00f6nlichen Daten. Mit diesen Cookies k\u00f6nnen Sie sich beispielsweise in Ihr Konto einloggen, Produkte in Ihren Warenkorb legen und sicher bezahlen.<\/span><\/p><p><strong>Statistiken:<\/strong> Diese Cookies speichern Informationen wie die Anzahl der Besucher der Website, die Anzahl der eindeutigen Besucher, welche Seiten der Website besucht wurden, die Quelle des Besuchs usw. Diese Daten helfen uns zu verstehen und zu analysieren, wie gut die Website funktioniert und wo es verbesserungsbed\u00fcrftig ist.<\/p><p><strong>Marketing:<\/strong> Auf unserer Website werden Anzeigen geschaltet. Diese Cookies werden verwendet, um die Werbung, die wir Ihnen zeigen, so zu personalisieren, dass sie f\u00fcr Sie von Bedeutung ist. Diese Cookies helfen uns auch dabei, die Effizienz dieser Werbekampagnen im Auge zu behalten.<\/p><p>Die in diesen Cookies gespeicherten Informationen k\u00f6nnen auch von Drittanbietern verwendet werden, um Ihnen Anzeigen auf anderen Websites im Browser zu schalten.<\/p><p><strong>Funktional:<\/strong> Dies sind die Cookies, die bestimmte nicht wesentliche Funktionen auf unserer Website unterst\u00fctzen. Diese Funktionen umfassen das Einbetten von Inhalten wie Videos oder das Teilen von Inhalten auf der Website auf Social Media-Plattformen.<\/p><p><strong>Einstellungen:<\/strong> Diese Cookies helfen uns dabei, Ihre Einstellungen und Browsereinstellungen wie Spracheinstellungen zu speichern, damit Sie bei zuk\u00fcnftigen Besuchen der Website eine bessere und effizientere Erfahrung machen k\u00f6nnen.<\/p><\/div><h3>Wie kann ich die Cookie-Einstellungen steuern?<\/h3><div><p><span class=\"tlid-translation translation\" lang=\"de\"><span class=\"\" title=\"\">Wenn Sie Ihre Einstellungen sp\u00e4ter w\u00e4hrend Ihrer Browsersitzung \u00e4ndern m\u00f6chten, k\u00f6nnen Sie auf Ihrem Bildschirm auf die Registerkarte &#8222;Datenschutz- und Cookie-Richtlinien&#8220; klicken.<\/span> <span class=\"\" title=\"\">Daraufhin wird erneut der Zustimmungshinweis angezeigt, mit dem Sie Ihre Einstellungen \u00e4ndern oder Ihre Zustimmung vollst\u00e4ndig widerrufen k\u00f6nnen.<\/span><\/span><\/p><p><span class=\"\" title=\"\">Dar\u00fcber hinaus bieten verschiedene Browser verschiedene Methoden zum Blockieren und L\u00f6schen von Cookies, die von Websites verwendet werden.<\/span> <span class=\"\" title=\"\">Sie k\u00f6nnen die Einstellungen Ihres Browsers so \u00e4ndern, dass Cookies blockiert \/ gel\u00f6scht werden.<\/span> <span class=\"\" title=\"\">Weitere Informationen zum Verwalten und L\u00f6schen von Cookies finden Sie im Internet.<\/span><\/p><\/div><\/div>\t\t\t\t\t\t\t\t<\/div>\n\t\t\t\t<\/div>\n\t\t\t\t\t<\/div>\n\t\t<\/div>\n\t\t\t\t\t<\/div>\n\t\t<\/section>\n\t\t\t\t<\/div>\n\t\t","protected":false},"excerpt":{"rendered":"<p>\u00dcber die Cookie Richtlinie Diese Cookie-Richtlinie erkl\u00e4rt, was Cookies sind und wie wir sie verwenden. Sie sollten diese Richtlinie lesen, um zu verstehen, was Cookies sind, wie wir sie verwenden, welche Arten von Cookies wir verwenden, welche Informationen wir mit Cookies sammeln und wie diese Informationen verwendet werden und wie die Cookie-Einstellungen gesteuert werden. Weitere &hellip; <\/p>\n<p class=\"link-more\"><a href=\"https:\/\/www.praxis-meinzenbach.de\/startseite\/startseite\/cookie-policy\/\" class=\"more-link\">Mehr <span class=\"screen-reader-text\">\u00fcber &#8222;Cookie Richtlinien&#8220; <\/span>Lesen<\/a><\/p>\n","protected":false},"author":3,"featured_media":0,"parent":43,"menu_order":0,"comment_status":"closed","ping_status":"closed","template":"","meta":{"inspiro_hide_title":false,"footnotes":""},"class_list":["post-630","page","type-page","status-publish","hentry"],"aioseo_notices":[],"featured_media_urls":[],"_links":{"self":[{"href":"https:\/\/www.praxis-meinzenbach.de\/startseite\/wp-json\/wp\/v2\/pages\/630","targetHints":{"allow":["GET"]}}],"collection":[{"href":"https:\/\/www.praxis-meinzenbach.de\/startseite\/wp-json\/wp\/v2\/pages"}],"about":[{"href":"https:\/\/www.praxis-meinzenbach.de\/startseite\/wp-json\/wp\/v2\/types\/page"}],"author":[{"embeddable":true,"href":"https:\/\/www.praxis-meinzenbach.de\/startseite\/wp-json\/wp\/v2\/users\/3"}],"replies":[{"embeddable":true,"href":"https:\/\/www.praxis-meinzenbach.de\/startseite\/wp-json\/wp\/v2\/comments?post=630"}],"version-history":[{"count":9,"href":"https:\/\/www.praxis-meinzenbach.de\/startseite\/wp-json\/wp\/v2\/pages\/630\/revisions"}],"predecessor-version":[{"id":6717,"href":"https:\/\/www.praxis-meinzenbach.de\/startseite\/wp-json\/wp\/v2\/pages\/630\/revisions\/6717"}],"up":[{"embeddable":true,"href":"https:\/\/www.praxis-meinzenbach.de\/startseite\/wp-json\/wp\/v2\/pages\/43"}],"wp:attachment":[{"href":"https:\/\/www.praxis-meinzenbach.de\/startseite\/wp-json\/wp\/v2\/media?parent=630"}],"curies":[{"name":"wp","href":"https:\/\/api.w.org\/{rel}","templated":true}]}}